{"id":259,"date":"2021-12-03T15:13:45","date_gmt":"2021-12-03T15:13:45","guid":{"rendered":"https:\/\/20.111.19.53\/?page_id=259"},"modified":"2025-08-23T22:08:39","modified_gmt":"2025-08-23T20:08:39","slug":"integration","status":"publish","type":"page","link":"https:\/\/www.alyfpro.fr\/?page_id=259","title":{"rendered":"Int\u00e9gration"},"content":{"rendered":"<div class=\"vce-row-container\" data-vce-boxed-width=\"true\"><div class=\"vce-row vce-row--col-gap-30 vce-row-equal-height vce-row-content--top\" id=\"el-132b1052\" data-vce-do-apply=\"all el-132b1052\"><div class=\"vce-row-content\" data-vce-element-content=\"true\"><div class=\"vce-col vce-col--md-auto vce-col--xs-1 vce-col--xs-last vce-col--xs-first vce-col--sm-last vce-col--sm-first vce-col--md-last vce-col--lg-last vce-col--xl-last vce-col--md-first vce-col--lg-first vce-col--xl-first\" id=\"el-ffe0db7f\"><div class=\"vce-col-inner\" data-vce-do-apply=\"border margin background  el-ffe0db7f\"><div class=\"vce-col-content\" data-vce-element-content=\"true\" data-vce-do-apply=\"padding el-ffe0db7f\"><div><\/div><\/div><\/div><\/div><\/div><\/div><\/div><div class=\"vce-row-container\" data-vce-boxed-width=\"true\"><div class=\"vce-row vce-row--col-gap-30 vce-row-equal-height vce-row-content--top\" id=\"el-36e3ea71\" data-vce-do-apply=\"all el-36e3ea71\"><div class=\"vce-row-content\" data-vce-element-content=\"true\"><div class=\"vce-col vce-col--md-auto vce-col--xs-1 vce-col--xs-last vce-col--xs-first vce-col--sm-last vce-col--sm-first vce-col--md-last vce-col--lg-last vce-col--xl-last vce-col--md-first vce-col--lg-first vce-col--xl-first\" id=\"el-619b4852\"><div class=\"vce-col-inner\" data-vce-do-apply=\"border margin background  el-619b4852\"><div class=\"vce-col-content\" data-vce-element-content=\"true\" data-vce-do-apply=\"padding el-619b4852\"><div class=\"vce-basic-menu-container\" id=\"el-15fa6625\" data-vce-basic-menu=\"true\" data-vce-basic-menu-to-sandwich=\"true\"><div class=\"vce-basic-menu-inner vce vce-basic-menu--style-text--color-b-29-160-197 vce-basic-menu--style-text--hover-color-4A90E2 vce-basic-menu--style-underline--color-4A90E2 vce-basic-menu--style-sub-menu-text--color-3E3D3D vce-basic-menu--style-sub-menu-text--hover-color-4A90E2 vce-basic-menu--style-sub-menu-background--color-ffffff vce-basic-menu--style-sub-menu-background--hover-color-4A90E2 vce-basic-menu--style-sub-menu-outline--color-EDEDED vce-basic-menu--style-sub-menu-separator\" data-vce-do-apply=\"margin padding border background  el-15fa6625\"><div class=\"vce-basic-menu\" style=\"font-size: 14px;\"><div class=\"vce-basic-menu-wrapper vce-basic-menu--alignment-center\"><nav class=\"menu-menu-container\"><ul  class=\"menu\"><li class=\"menu-item menu-item-type-post_type menu-item-object-page menu-item-home menu-item-205\"><a href=\"https:\/\/www.alyfpro.fr\/\">Accueil<\/a><\/li>\n<li class=\"menu-item menu-item-type-post_type menu-item-object-page menu-item-213\"><a href=\"https:\/\/www.alyfpro.fr\/?page_id=211\">Formation<\/a><\/li>\n<li class=\"menu-item menu-item-type-post_type menu-item-object-page menu-item-304\"><a href=\"https:\/\/www.alyfpro.fr\/?page_id=257\">Conseil Entreprise<\/a><\/li>\n<li class=\"menu-item menu-item-type-post_type menu-item-object-page menu-item-303\"><a href=\"https:\/\/www.alyfpro.fr\/?page_id=259\">Int\u00e9gration<\/a><\/li>\n<li class=\"menu-item menu-item-type-post_type menu-item-object-page menu-item-533\"><a href=\"https:\/\/www.alyfpro.fr\/?page_id=531\">Nos References<\/a><\/li>\n<li class=\"menu-item menu-item-type-post_type menu-item-object-page menu-item-301\"><a href=\"https:\/\/www.alyfpro.fr\/?page_id=263\">Contact<\/a><\/li>\n<\/ul><\/nav><\/div><\/div><div class=\"vce-basic-menu-sandwich-container\"><div class=\"vce-sandwich-menu-wrapper vce vce-sandwich-menu-shape--rounded\" id=\"el-da76f39d\" data-vce-sandwich-menu=\"true\" data-vce-do-apply=\"margin el-da76f39d\" style=\"--alignment: left; --iconColor: #EDEDED; --iconHoverColor: #f2f2f2; --closeIconColor: #EDEDED; --closeIconHoverColor: #f2f2f2; --linkColor: #EDEDED; --linkHoverColor: #f2f2f2; --overlayBackground: rgba(33,33,33,.9); --shapeColor: #4D8FCC; --shapeHoverColor: #7aa5d4;\"><div class=\"vce-sandwich-menu vce-sandwich-menu--alignment-left\"><button class=\"vce-sandwich-menu-open-button\" data-vce-do-apply=\"padding border background el-da76f39d\" aria-label=\"Open menu\" data-vce-sandwich-menu-open-button=\"true\"><span class=\"vce-sandwich-menu-open-button-inner\"><svg width=\"24px\" height=\"19px\" viewBox=\"0 0 24 19\"><g><rect x=\"0\" y=\"0\" width=\"24\" height=\"3\"><\/rect><rect x=\"0\" y=\"8\" width=\"24\" height=\"3\"><\/rect><rect x=\"0\" y=\"16\" width=\"24\" height=\"3\"><\/rect><\/g><\/svg><\/span><\/button><div class=\"vce-sandwich-menu-container\" data-vce-sandwich-menu-modal=\"true\"><button class=\"vce-sandwich-menu-close-button\" data-vce-do-apply=\"padding border background el-da76f39d\" aria-label=\"Close menu\" data-vce-sandwich-menu-close-button=\"true\"><span class=\"vce-sandwich-menu-close-button-inner\"><svg width=\"20px\" height=\"20px\" viewBox=\"0 0 20 20\"><polygon points=\"9.5 7.38888889 2.11111111 0 0 2.11111111 7.38888889 9.5 0 16.8888889 2.11111111 19 9.5 11.6111111 16.8888889 19 19 16.8888889 11.6111111 9.5 19 2.11111111 16.8888889 1.76780781e-15\"><\/polygon><\/svg><\/span><\/button><div class=\"vce-sandwich-menu-scroll-container\"><div class=\"vce-sandwich-menu-inner\" style=\"font-size: 20px;\"><nav class=\"menu-menu-container\"><ul  class=\"\"><li class=\"menu-item menu-item-type-post_type menu-item-object-page menu-item-home menu-item-205\"><a href=\"https:\/\/www.alyfpro.fr\/\">Accueil<\/a><\/li>\n<li class=\"menu-item menu-item-type-post_type menu-item-object-page menu-item-213\"><a href=\"https:\/\/www.alyfpro.fr\/?page_id=211\">Formation<\/a><\/li>\n<li class=\"menu-item menu-item-type-post_type menu-item-object-page menu-item-304\"><a href=\"https:\/\/www.alyfpro.fr\/?page_id=257\">Conseil Entreprise<\/a><\/li>\n<li class=\"menu-item menu-item-type-post_type menu-item-object-page menu-item-303\"><a href=\"https:\/\/www.alyfpro.fr\/?page_id=259\">Int\u00e9gration<\/a><\/li>\n<li class=\"menu-item menu-item-type-post_type menu-item-object-page menu-item-533\"><a href=\"https:\/\/www.alyfpro.fr\/?page_id=531\">Nos References<\/a><\/li>\n<li class=\"menu-item menu-item-type-post_type menu-item-object-page menu-item-301\"><a href=\"https:\/\/www.alyfpro.fr\/?page_id=263\">Contact<\/a><\/li>\n<\/ul><\/nav><\/div><\/div><\/div><\/div><\/div><\/div><\/div><\/div><\/div><\/div><\/div><\/div><\/div><\/div><div class=\"vce-row-container\"><div class=\"vce-row vce-element--has-background vce-row--col-gap-30 vce-row-wrap--reverse vce-row-equal-height vce-row-content--middle\" data-vce-full-width=\"true\" data-vce-stretch-content=\"true\" id=\"el-c4d645ed\" data-vce-do-apply=\"all el-c4d645ed\" data-vce-animate=\"vce-o-animate--fadeIn\" data-vce-animate-delay=\"vce-o-animate-delay--0.5\"><div class=\"vce-content-background-container\"><div class=\"vce-asset-parallax-container vce-visible-all-only\" data-vce-assets-parallax-mouse-move=\".vce-asset-parallax\" data-vce-assets-parallax-mouse-move-element=\"c4d645ed\" data-vce-assets-parallax-reverse=\"false\"><div class=\"vce-asset-parallax vce-asset-parallax-mouse-move\" style=\"inset: -30vh -30vw; transform: translate(0px, 0px);\"><div class=\"vce-asset-background-simple-container vce-visible-all-only vce-asset-background-simple--style-cover vce-asset-background-simple--position-center-top\"><div class=\"vce-asset-background-simple\">\n              <div class=\"vce-asset-background-simple-item vcv-lozad\" data-background-image=\"https:\/\/www.alyfpro.fr\/wp-content\/uploads\/2021\/12\/fundo-branco4.jpg\"><\/div>\n              <noscript>\n                <div class=\"vce-asset-background-simple-item\" style=\"background-image: url(https:\/\/www.alyfpro.fr\/wp-content\/uploads\/2021\/12\/fundo-branco4.jpg)\"><\/div>\n              <\/noscript>\n            <\/div><\/div><\/div><\/div><\/div><div class=\"vce-row-content\" data-vce-element-content=\"true\"><div class=\"vce-col vce-col--xs-100p vce-col--xs-visible vce-col--xs-last vce-col--xs-first vce-col--sm-100p vce-col--sm-visible vce-col--sm-last vce-col--sm-first vce-col--md-auto vce-col--md-visible vce-col--md-first vce-col--lg-auto vce-col--lg-visible vce-col--lg-first vce-col--xl-25p vce-col--xl-visible vce-col--xl-first\" id=\"el-d91cc8be\"><div class=\"vce-col-inner\" data-vce-do-apply=\"border margin background  el-d91cc8be\"><div class=\"vce-content-background-container\"><\/div><div class=\"vce-col-content\" data-vce-element-content=\"true\" data-vce-do-apply=\"padding el-d91cc8be\"><div class=\"vce-single-image-container vce-single-image--align-center\"><div class=\"vce vce-single-image-wrapper\" id=\"el-60c334fe\" data-vce-do-apply=\"all el-60c334fe\"><figure><div class=\"vce-single-image-figure-inner\" style=\"width: 210px;\"><a href=\"https:\/\/www.alyfpro.fr\/\" title=\"\" class=\"vce-single-image-inner vce-single-image--absolute\" style=\"width: 100%; padding-bottom: 57.1429%;\"><img loading=\"lazy\" decoding=\"async\" class=\"vce-single-image\"  width=\"210\" height=\"120\" src=\"https:\/\/www.alyfpro.fr\/wp-content\/uploads\/2021\/12\/Logo-Alyf-BleuNoir.png\" data-img-src=\"https:\/\/www.alyfpro.fr\/wp-content\/uploads\/2021\/12\/Logo-Alyf-BleuNoir.png\" data-attachment-id=\"382\"  alt=\"\" title=\"\" \/><\/a><\/div><figcaption hidden=\"\"><\/figcaption><\/figure><\/div><\/div><\/div><\/div><\/div><div class=\"vce-col vce-col--xs-100p vce-col--xs-visible vce-col--xs-last vce-col--xs-first vce-col--sm-100p vce-col--sm-visible vce-col--sm-last vce-col--sm-first vce-col--md-auto vce-col--md-visible vce-col--lg-auto vce-col--lg-visible vce-col--xl-50p vce-col--xl-visible\" id=\"el-11ec00e5\"><div class=\"vce-col-inner\" data-vce-do-apply=\"border margin background  el-11ec00e5\"><div class=\"vce-col-content\" data-vce-element-content=\"true\" data-vce-do-apply=\"padding el-11ec00e5\"><div class=\"vce-text-block\"><div class=\"vce-text-block-wrapper vce\" id=\"el-1a74b5c6\" data-vce-do-apply=\"all el-1a74b5c6\"><h2 style=\"text-align: center;\"><span style=\"font-weight: 400; font-style: normal; font-family: Abel; color: #000000;\">Int\u00e9gration<\/span><\/h2><\/div><\/div><\/div><\/div><\/div><div class=\"vce-col vce-col--xs-100p vce-col--xs-visible vce-col--xs-last vce-col--xs-first vce-col--sm-100p vce-col--sm-visible vce-col--sm-last vce-col--sm-first vce-col--md-auto vce-col--md-visible vce-col--md-last vce-col--lg-auto vce-col--lg-visible vce-col--lg-last vce-col--xl-25p vce-col--xl-visible vce-col--xl-last\" id=\"el-cb97136d\"><div class=\"vce-col-inner\" data-vce-do-apply=\"border margin background  el-cb97136d\"><div class=\"vce-col-content\" data-vce-element-content=\"true\" data-vce-do-apply=\"padding el-cb97136d\"><div><\/div><\/div><\/div><\/div><\/div><\/div><\/div><div class=\"vce-row-container\"><div class=\"vce-row vce-row--has-col-background vce-row--col-gap-30 vce-row-content--middle\" data-vce-full-width=\"true\" id=\"el-406b2566\" data-vce-do-apply=\"all el-406b2566\" data-vce-animate=\"vce-o-animate--fadeIn\"><div class=\"vce-content-background-container\"><\/div><div class=\"vce-row-content\" data-vce-element-content=\"true\"><div class=\"vce-col vce-element--has-background vce-col--md-auto vce-col--xs-1 vce-col--xs-last vce-col--xs-first vce-col--sm-last vce-col--sm-first vce-col--md-first vce-col--lg-first vce-col--xl-first\" id=\"el-99fc44b8\"><div class=\"vce-col-inner\" data-vce-do-apply=\"border margin background  el-99fc44b8\"><div class=\"vce-content-background-container\"><\/div><div class=\"vce-col-content\" data-vce-element-content=\"true\" data-vce-do-apply=\"padding el-99fc44b8\"><div class=\"vce-text-block\"><div class=\"vce-text-block-wrapper vce\" id=\"el-d9b6395b\" data-vce-do-apply=\"all el-d9b6395b\"><h3 style=\"text-align: center;\"><span style=\"font-family: Abel; font-size: 18pt; color: #212121; font-style: normal;\">Infrastructure Service<\/span><\/h3>\n<p style=\"line-height: 1.5; text-align: center;\"><span style=\"font-family: Abel; color: #000000; font-size: 12pt;\">L\u2019int\u00e9gration d\u2019infrastructures IT est au c\u0153ur de notre offre de services informatiques. Au fil des ann\u00e9es, notre entreprise a b\u00e2ti une v\u00e9ritable expertise dans ce domaine-cl\u00e9. Nous vous accompagnons ainsi dans vos projets d\u2019int\u00e9gration d\u2019infrastructures informatiques complexes.<\/span><\/p>\n<p>&nbsp;<\/p><\/div><\/div><\/div><\/div><\/div><div class=\"vce-col vce-element--has-background vce-col--md-auto vce-col--xs-1 vce-col--xs-last vce-col--xs-first vce-col--sm-last vce-col--sm-first\" id=\"el-0e6d42f2\"><div class=\"vce-col-inner\" data-vce-do-apply=\"border margin background  el-0e6d42f2\"><div class=\"vce-content-background-container\"><\/div><div class=\"vce-col-content\" data-vce-element-content=\"true\" data-vce-do-apply=\"padding el-0e6d42f2\"><div class=\"vce-text-block\"><div class=\"vce-text-block-wrapper vce\" id=\"el-cd64bcbc\" data-vce-do-apply=\"all el-cd64bcbc\"><h3 style=\"text-align: center;\"><span style=\"font-family: Abel; font-size: 18pt; color: #212121; font-style: normal;\">Cybersecurity Service<\/span><\/h3><br><p style=\"line-height: 1.5; text-align: center;\"><span style=\"font-family: Abel; color: #000000;\">La&nbsp;s\u00e9curit\u00e9 informatique&nbsp;est aujourd\u2019hui une question br\u00fblante et strat\u00e9gique. Dans un monde o\u00f9 le digital r\u00e8gne, il est indispensable d\u2019assurer la protection des donn\u00e9es et des r\u00e9seaux. Les risques encourus peuvent \u00eatre importants en cas de&nbsp;failles internes&nbsp;ou d\u2019attaques ext\u00e9rieures&nbsp;: perte de donn\u00e9es, arr\u00eat de l\u2019activit\u00e9, etc. Pour ceux qui souhaitent en savoir plus sur ce th\u00e8me, il est fortement recommand\u00e9 de s'informer sur <a href=\"https:\/\/diplomarbeit-schreiben.com\/\" style=\"color : inherit ; text-decoration : none ;\">diplomarbeit schreiben lassen<\/a>.<\/span><\/p><\/div><\/div><\/div><\/div><\/div><div class=\"vce-col vce-element--has-background vce-col--md-auto vce-col--xs-1 vce-col--xs-last vce-col--xs-first vce-col--sm-last vce-col--sm-first vce-col--md-last vce-col--lg-last vce-col--xl-last\" id=\"el-18fdb2ed\"><div class=\"vce-col-inner\" data-vce-do-apply=\"border margin background  el-18fdb2ed\"><div class=\"vce-content-background-container\"><\/div><div class=\"vce-col-content\" data-vce-element-content=\"true\" data-vce-do-apply=\"padding el-18fdb2ed\"><div class=\"vce-text-block\"><div class=\"vce-text-block-wrapper vce\" id=\"el-fd637498\" data-vce-do-apply=\"all el-fd637498\"><h3 style=\"text-align: center;\"><span style=\"font-family: Abel; font-size: 18pt; color: #212121; font-style: normal;\">Cloud Service<\/span><\/h3>\n<p style=\"line-height: 1.5; text-align: center;\"><span style=\"font-family: Abel; color: #000000;\">Les solutions Cloud d'Alyf sont con\u00e7ues autour de nos clients et sont fournies sur la plateforme qui r\u00e9pond le mieux \u00e0 leurs besoins. Que vous cherchiez \u00e0 r\u00e9soudre des probl\u00e8mes, \u00e0 d\u00e9velopper une strat\u00e9gie, \u00e0 utiliser des services manag\u00e9s ou \u00e0 moderniser et s\u00e9curiser davantage vos applications et votre infrastructure.&nbsp; &nbsp; &nbsp; &nbsp;&nbsp;<\/span><\/p><\/div><\/div><\/div><\/div><\/div><\/div><\/div><\/div><div class=\"vce-row-container\" data-vce-boxed-width=\"true\"><div class=\"vce-row vce-row--col-gap-30 vce-row-equal-height vce-row-content--top\" id=\"el-d91060e7\" data-vce-do-apply=\"all el-d91060e7\"><div class=\"vce-row-content\" data-vce-element-content=\"true\"><div class=\"vce-col vce-col--md-auto vce-col--xs-1 vce-col--xs-last vce-col--xs-first vce-col--sm-last vce-col--sm-first vce-col--md-first vce-col--lg-first vce-col--xl-first\" id=\"el-48c44db6\"><div class=\"vce-col-inner\" data-vce-do-apply=\"border margin background  el-48c44db6\"><div class=\"vce-col-content\" data-vce-element-content=\"true\" data-vce-do-apply=\"padding el-48c44db6\"><div><\/div><\/div><\/div><\/div><div class=\"vce-col vce-col--md-auto vce-col--xs-1 vce-col--xs-last vce-col--xs-first vce-col--sm-last vce-col--sm-first vce-col--md-last vce-col--lg-last vce-col--xl-last\" id=\"el-e7beb663\"><div class=\"vce-col-inner\" data-vce-do-apply=\"border margin background  el-e7beb663\"><div class=\"vce-col-content\" data-vce-element-content=\"true\" data-vce-do-apply=\"padding el-e7beb663\"><div><\/div><\/div><\/div><\/div><\/div><\/div><\/div><div class=\"vce-row-container\" data-vce-boxed-width=\"true\"><div class=\"vce-row vce-row--col-gap-30 vce-row-equal-height vce-row-content--top\" id=\"el-632fd527\" data-vce-do-apply=\"all el-632fd527\"><div class=\"vce-row-content\" data-vce-element-content=\"true\"><div class=\"vce-col vce-col--md-auto vce-col--xs-1 vce-col--xs-last vce-col--xs-first vce-col--sm-last vce-col--sm-first vce-col--md-last vce-col--lg-last vce-col--xl-last vce-col--md-first vce-col--lg-first vce-col--xl-first\" id=\"el-104f41a7\"><div class=\"vce-col-inner\" data-vce-do-apply=\"border margin background  el-104f41a7\"><div class=\"vce-col-content\" data-vce-element-content=\"true\" data-vce-do-apply=\"padding el-104f41a7\"><div class=\"vce-row-container\" data-vce-boxed-width=\"true\"><div class=\"vce-row vce-row--col-gap-30 vce-row-equal-height vce-row-content--top\" id=\"el-05c1943c\" data-vce-do-apply=\"all el-05c1943c\"><div class=\"vce-row-content\" data-vce-element-content=\"true\"><div class=\"vce-col vce-col--md-auto vce-col--xs-1 vce-col--xs-last vce-col--xs-first vce-col--sm-last vce-col--sm-first vce-col--md-last vce-col--lg-last vce-col--xl-last vce-col--md-first vce-col--lg-first vce-col--xl-first\" id=\"el-ab8fb66d\"><div class=\"vce-col-inner\" data-vce-do-apply=\"border margin background  el-ab8fb66d\"><div class=\"vce-col-content\" data-vce-element-content=\"true\" data-vce-do-apply=\"padding el-ab8fb66d\"><div class=\"vce-text-block\"><div class=\"vce-text-block-wrapper vce\" id=\"el-5b8de93e\" data-vce-do-apply=\"all el-5b8de93e\"><h2 style=\"text-align: center;\"><span style=\"color: #ffffff; font-size: 14pt;\">Alyf est certifi\u00e9e QUALIOPI et r\u00e9f\u00e9renc\u00e9e au DATADOCK<\/span><\/h2><\/div><\/div><\/div><\/div><\/div><\/div><\/div><\/div><\/div><\/div><\/div><\/div><\/div><\/div><div class=\"vce-row-container\"><div class=\"vce-row vce-element--has-background vce-row--col-gap-30 vce-row-content--top\" data-vce-full-width=\"true\" id=\"el-c4ba6457\" data-vce-do-apply=\"all el-c4ba6457\"><div class=\"vce-content-background-container\"><\/div><div class=\"vce-row-content\" data-vce-element-content=\"true\"><div class=\"vce-col vce-col--md-auto vce-col--xs-1 vce-col--xs-last vce-col--xs-first vce-col--sm-last vce-col--sm-first vce-col--md-first vce-col--lg-first vce-col--xl-first\" id=\"el-cacd83b4\"><div class=\"vce-col-inner\" data-vce-do-apply=\"border margin background  el-cacd83b4\"><div class=\"vce-col-content\" data-vce-element-content=\"true\" data-vce-do-apply=\"padding el-cacd83b4\"><div class=\"vce-single-image-container vce-single-image--align-left\"><div class=\"vce vce-single-image-wrapper\" id=\"el-d7927844\" data-vce-do-apply=\"all el-d7927844\"><figure><div class=\"vce-single-image-figure-inner\" style=\"width: 200px;\"><div class=\"vce-single-image-inner vce-single-image--absolute\" style=\"width: 100%; padding-bottom: 50%;\"><img loading=\"lazy\" decoding=\"async\" class=\"vce-single-image\"  width=\"200\" height=\"100\" src=\"https:\/\/www.alyfpro.fr\/wp-content\/uploads\/2022\/04\/Logo-Qualiopi-300dpi-Avec-Marianne.jpg\" data-img-src=\"https:\/\/www.alyfpro.fr\/wp-content\/uploads\/2022\/04\/Logo-Qualiopi-300dpi-Avec-Marianne.jpg\" data-attachment-id=\"1465\"  alt=\"\" title=\" \" \/><\/div><\/div><figcaption hidden=\"\"><\/figcaption><\/figure><\/div><\/div><div class=\"vce-text-block\"><div class=\"vce-text-block-wrapper vce\" id=\"el-4b81e9bb\" data-vce-do-apply=\"all el-4b81e9bb\"><h2 style=\"line-height: 0.5;\"><span style=\"font-family: arial, helvetica, sans-serif; font-size: 10pt;\">La certification qualit\u00e9 a \u00e9t\u00e9 d\u00e9livr\u00e9e au titre de la cat\u00e9gorie d'action suivante:<\/span><\/h2>\n<h2 style=\"line-height: 0.5; text-align: left;\"><span style=\"font-family: arial, helvetica, sans-serif; font-size: 12pt; color: #000000;\"> ACTIONS DE FORMATION<\/span><\/h2><\/div><\/div><\/div><\/div><\/div><div class=\"vce-col vce-col--md-auto vce-col--xs-1 vce-col--xs-last vce-col--xs-first vce-col--sm-last vce-col--sm-first vce-col--md-last vce-col--lg-last vce-col--xl-last\" id=\"el-aba44237\"><div class=\"vce-col-inner\" data-vce-do-apply=\"border margin background  el-aba44237\"><div class=\"vce-col-content\" data-vce-element-content=\"true\" data-vce-do-apply=\"padding el-aba44237\"><div class=\"vce-single-image-container vce-single-image--align-right\"><div class=\"vce vce-single-image-wrapper\" id=\"el-4261a911\" data-vce-do-apply=\"all el-4261a911\"><figure><div class=\"vce-single-image-figure-inner\" style=\"width: 200px;\"><div class=\"vce-single-image-inner vce-single-image--absolute\" style=\"width: 100%; padding-bottom: 25%;\"><img loading=\"lazy\" decoding=\"async\" class=\"vce-single-image\"  width=\"200\" height=\"50\" src=\"https:\/\/www.alyfpro.fr\/wp-content\/uploads\/2022\/04\/logo-datadock-1.png\" data-img-src=\"https:\/\/www.alyfpro.fr\/wp-content\/uploads\/2022\/04\/logo-datadock-1.png\" data-attachment-id=\"1466\"  alt=\"\" title=\"logo-datadock\" \/><\/div><\/div><figcaption hidden=\"\"><\/figcaption><\/figure><\/div><\/div><\/div><\/div><\/div><\/div><\/div><\/div><div class=\"vce-row-container\" data-vce-boxed-width=\"true\"><div class=\"vce-row vce-row--col-gap-30 vce-row-equal-height vce-row-content--top\" id=\"el-ead45760\" data-vce-do-apply=\"all el-ead45760\"><div class=\"vce-row-content\" data-vce-element-content=\"true\"><div class=\"vce-col vce-col--md-auto vce-col--xs-1 vce-col--xs-last vce-col--xs-first vce-col--sm-last vce-col--sm-first vce-col--md-last vce-col--lg-last vce-col--xl-last vce-col--md-first vce-col--lg-first vce-col--xl-first\" id=\"el-07fc1189\"><div class=\"vce-col-inner\" data-vce-do-apply=\"border margin background  el-07fc1189\"><div class=\"vce-col-content\" data-vce-element-content=\"true\" data-vce-do-apply=\"padding el-07fc1189\"><div class=\"vce-text-block\"><div class=\"vce-text-block-wrapper vce\" id=\"el-fc706f54\" data-vce-do-apply=\"all el-fc706f54\"><p style=\"line-height: 1; text-align: center;\"><span style=\"font-size: 10pt;\"><span style=\"color: #ffffff; letter-spacing: inherit;\">ALYF est reconnu en tant Organisme de Formation au travers d\u2019une d\u00e9claration d\u2019activit\u00e9 enregistr\u00e9e sous le n\u00b0 84 42 03528 42<\/span><\/span><span style=\"font-size: 10pt;\"><span style=\"color: #ffffff; letter-spacing: inherit;\">&nbsp;<\/span><\/span><span style=\"font-size: 10pt;\"><span style=\"color: #ffffff; letter-spacing: inherit;\"><br>aupr\u00e8s du pr\u00e9fet de r\u00e9gion Auvergne-Rh\u00f4ne-Alpes <\/span><span style=\"color: #ffffff;\"><br>Capital de 10 000 \u20ac - SIRET : 87839525000011 NAF-APE : 6202A - Num\u00e9ro TVA : FR51878395250 <\/span><\/span><span style=\"font-size: 10pt;\"><span style=\"color: #ffffff; letter-spacing: inherit; font-family: var(--font-body); font-weight: var(--bs-body-font-weight);\"><br>Contact@alyfpro.fr<\/span><\/span><\/p><\/div><\/div><\/div><\/div><\/div><\/div><\/div><\/div><div class=\"vce-row-container\" data-vce-boxed-width=\"true\"><div class=\"vce-row vce-row--col-gap-30 vce-row-equal-height vce-row-content--top\" id=\"el-80a6460f\" data-vce-do-apply=\"all el-80a6460f\"><div class=\"vce-row-content\" data-vce-element-content=\"true\"><div class=\"vce-col vce-col--md-auto vce-col--xs-1 vce-col--xs-last vce-col--xs-first vce-col--sm-last vce-col--sm-first vce-col--md-last vce-col--lg-last vce-col--xl-last vce-col--md-first vce-col--lg-first vce-col--xl-first\" id=\"el-ffc27403\"><div class=\"vce-col-inner\" data-vce-do-apply=\"border margin background  el-ffc27403\"><div class=\"vce-col-content\" data-vce-element-content=\"true\" data-vce-do-apply=\"padding el-ffc27403\"><div><\/div><\/div><\/div><\/div><\/div><\/div><\/div>","protected":false},"excerpt":{"rendered":"<p>Int\u00e9grationInfrastructure Service L\u2019int\u00e9gration d\u2019infrastructures IT est au c\u0153ur de notre offre de services informatiques. Au fil des ann\u00e9es, notre entreprise a b\u00e2ti une v\u00e9ritable expertise dans ce domaine-cl\u00e9. Nous vous accompagnons ainsi dans vos projets d\u2019int\u00e9gration d\u2019infrastructures informatiques complexes. &nbsp;Cybersecurity ServiceLa&nbsp;s\u00e9curit\u00e9 informatique&nbsp;est aujourd\u2019hui une question br\u00fblante et strat\u00e9gique. Dans un monde o\u00f9 le digital r\u00e8gne, [&hellip;]<\/p>\n","protected":false},"author":2,"featured_media":0,"parent":0,"menu_order":0,"comment_status":"closed","ping_status":"closed","template":"","meta":{"footnotes":""},"_links":{"self":[{"href":"https:\/\/www.alyfpro.fr\/index.php?rest_route=\/wp\/v2\/pages\/259"}],"collection":[{"href":"https:\/\/www.alyfpro.fr\/index.php?rest_route=\/wp\/v2\/pages"}],"about":[{"href":"https:\/\/www.alyfpro.fr\/index.php?rest_route=\/wp\/v2\/types\/page"}],"author":[{"embeddable":true,"href":"https:\/\/www.alyfpro.fr\/index.php?rest_route=\/wp\/v2\/users\/2"}],"replies":[{"embeddable":true,"href":"https:\/\/www.alyfpro.fr\/index.php?rest_route=%2Fwp%2Fv2%2Fcomments&post=259"}],"version-history":[{"count":63,"href":"https:\/\/www.alyfpro.fr\/index.php?rest_route=\/wp\/v2\/pages\/259\/revisions"}],"predecessor-version":[{"id":1594,"href":"https:\/\/www.alyfpro.fr\/index.php?rest_route=\/wp\/v2\/pages\/259\/revisions\/1594"}],"wp:attachment":[{"href":"https:\/\/www.alyfpro.fr\/index.php?rest_route=%2Fwp%2Fv2%2Fmedia&parent=259"}],"curies":[{"name":"wp","href":"https:\/\/api.w.org\/{rel}","templated":true}]}}